{"id":10964,"date":"2016-03-16T19:50:28","date_gmt":"2016-03-16T16:50:28","guid":{"rendered":"https:\/\/m-monte.com\/iletisim\/"},"modified":"2025-01-29T00:49:21","modified_gmt":"2025-01-28T21:49:21","slug":"iletisim","status":"publish","type":"page","link":"https:\/\/m-monte.com\/tr\/iletisim\/","title":{"rendered":"\u0130leti\u015fim"},"content":{"rendered":"\t\t<div data-elementor-type=\"wp-post\" data-elementor-id=\"10964\" class=\"elementor elementor-10964 elementor-1100\" data-elementor-post-type=\"page\">\n\t\t\t\t\t\t<section class=\"elementor-section elementor-top-section elementor-element elementor-element-17221519 elementor-section-boxed elementor-section-height-default elementor-section-height-default\" data-id=\"17221519\" data-element_type=\"section\">\n\t\t\t\t\t\t<div class=\"elementor-container elementor-column-gap-default\">\n\t\t\t\t\t<div class=\"elementor-column elementor-col-100 elementor-top-column elementor-element elementor-element-75ab0490\" data-id=\"75ab0490\" data-element_type=\"column\">\n\t\t\t<div class=\"elementor-widget-wrap elementor-element-populated\">\n\t\t\t\t\t\t<div class=\"elementor-element elementor-element-471b5610 elementor-widget elementor-widget-houzez_elementor_space\" data-id=\"471b5610\" data-element_type=\"widget\" data-widget_type=\"houzez_elementor_space.default\">\n\t\t\t\t<div class=\"elementor-widget-container\">\n\t\t\t\t\t        <div class=\"houzez-spacer\">\n            <div class=\"houzez-spacer-inner\"><\/div>\n        <\/div>\n        \t\t\t\t<\/div>\n\t\t\t\t<\/div>\n\t\t\t\t<div class=\"elementor-element elementor-element-5a09826e elementor-widget elementor-widget-heading\" data-id=\"5a09826e\" data-element_type=\"widget\" data-widget_type=\"heading.default\">\n\t\t\t\t<div class=\"elementor-widget-container\">\n\t\t\t\t\t<h1 class=\"elementor-heading-title elementor-size-xl\">Bizimle ileti\u015fime ge\u00e7in<\/h1>\t\t\t\t<\/div>\n\t\t\t\t<\/div>\n\t\t\t\t<div class=\"elementor-element elementor-element-21c55ecf elementor-widget elementor-widget-heading\" data-id=\"21c55ecf\" data-element_type=\"widget\" data-widget_type=\"heading.default\">\n\t\t\t\t<div class=\"elementor-widget-container\">\n\t\t\t\t\t<p class=\"elementor-heading-title elementor-size-medium\">Karada\u011f'da gayrimenkul hayalinizi ger\u00e7ekle\u015ftirmeye haz\u0131r m\u0131s\u0131n\u0131z? Deneyimli emlak dan\u0131\u015fmanlar\u0131m\u0131z size her ad\u0131mda yard\u0131mc\u0131 olmak i\u00e7in burada. Sadece ileti\u015fim formumuzu doldurun ve hayalinize giden ilk ad\u0131m\u0131 at\u0131n. Gelece\u011finize yat\u0131r\u0131m yapma f\u0131rsat\u0131n\u0131 ka\u00e7\u0131rmay\u0131n. \u015eimdi formu doldurun!    <\/p>\t\t\t\t<\/div>\n\t\t\t\t<\/div>\n\t\t\t\t<div class=\"elementor-element elementor-element-374aee2 elementor-widget elementor-widget-houzez_elementor_space\" data-id=\"374aee2\" data-element_type=\"widget\" data-widget_type=\"houzez_elementor_space.default\">\n\t\t\t\t<div class=\"elementor-widget-container\">\n\t\t\t\t\t        <div class=\"houzez-spacer\">\n            <div class=\"houzez-spacer-inner\"><\/div>\n        <\/div>\n        \t\t\t\t<\/div>\n\t\t\t\t<\/div>\n\t\t\t\t\t<\/div>\n\t\t<\/div>\n\t\t\t\t\t<\/div>\n\t\t<\/section>\n\t\t\t\t<section class=\"elementor-section elementor-top-section elementor-element elementor-element-6d834ca0 elementor-section-boxed elementor-section-height-default elementor-section-height-default\" data-id=\"6d834ca0\" data-element_type=\"section\">\n\t\t\t\t\t\t<div class=\"elementor-container elementor-column-gap-default\">\n\t\t\t\t\t<div class=\"elementor-column elementor-col-50 elementor-top-column elementor-element elementor-element-3987d9c8\" data-id=\"3987d9c8\" data-element_type=\"column\">\n\t\t\t<div class=\"elementor-widget-wrap elementor-element-populated\">\n\t\t\t\t\t\t<div class=\"elementor-element elementor-element-62adf3cf elementor-widget elementor-widget-text-editor\" data-id=\"62adf3cf\" data-element_type=\"widget\" data-widget_type=\"text-editor.default\">\n\t\t\t\t<div class=\"elementor-widget-container\">\n\t\t\t\t\t\t\t\t\t<p>Kal\u0131c\u0131 bilgilerinizi b\u0131rak\u0131n, sizinle en k\u0131sa s\u00fcrede ileti\u015fime ge\u00e7elim.<\/p>\n\t\t\t\t\t\t\t\t<\/div>\n\t\t\t\t<\/div>\n\t\t\t\t<div class=\"elementor-element elementor-element-3d0f4e5 elementor-button-align-stretch elementor-widget elementor-widget-form\" data-id=\"3d0f4e5\" data-element_type=\"widget\" data-settings=\"{&quot;step_next_label&quot;:&quot;Sonraki&quot;,&quot;step_previous_label&quot;:&quot;\\u00d6nceki&quot;,&quot;button_width&quot;:&quot;100&quot;,&quot;step_type&quot;:&quot;number_text&quot;,&quot;step_icon_shape&quot;:&quot;circle&quot;}\" data-widget_type=\"form.default\">\n\t\t\t\t<div class=\"elementor-widget-container\">\n\t\t\t\t\t\t\t<form class=\"elementor-form\" method=\"post\" name=\"Yeni Form\">\n\t\t\t<input type=\"hidden\" name=\"post_id\" value=\"10964\"\/>\n\t\t\t<input type=\"hidden\" name=\"form_id\" value=\"3d0f4e5\"\/>\n\t\t\t<input type=\"hidden\" name=\"referer_title\" value=\"\u041d\u0435\u0434\u0432\u0438\u0436\u0438\u043c\u043e\u0441\u0442\u044c \u0432 \u0427\u0435\u0440\u043d\u043e\u0433\u043e\u0440\u0438\u0438 \u043d\u0430 \u043f\u043e\u0431\u0435\u0440\u0435\u0436\u044c\u0435 &#8211; \u043b\u0443\u0447\u0448\u0438\u0435 \u043f\u0440\u0435\u0434\u043b\u043e\u0436\u0435\u043d\u0438\u044f\" \/>\n\n\t\t\t\n\t\t\t<div class=\"elementor-form-fields-wrapper elementor-labels-above\">\n\t\t\t\t\t\t\t\t<div class=\"elementor-field-type-text elementor-field-group elementor-column elementor-field-group-name elementor-col-50\">\n\t\t\t\t\t\t\t\t\t\t\t\t\t<input size=\"1\" type=\"text\" name=\"form_fields[name]\" id=\"form-field-name\" class=\"elementor-field elementor-size-sm  elementor-field-textual\" placeholder=\"Ad\u0131n\u0131z\">\n\t\t\t\t\t\t\t\t\t\t\t<\/div>\n\t\t\t\t\t\t\t\t<div class=\"elementor-field-type-tel elementor-field-group elementor-column elementor-field-group-field_f6ca10a elementor-col-50\">\n\t\t\t\t\t\t\t<input size=\"1\" type=\"tel\" name=\"form_fields[field_f6ca10a]\" id=\"form-field-field_f6ca10a\" class=\"elementor-field elementor-size-sm  elementor-field-textual\" placeholder=\"Telefon numaras\u0131\" pattern=\"[0-9()#&amp;+*-=.]+\" title=\"Only numbers and phone characters (#, -, *, etc) are accepted.\">\n\n\t\t\t\t\t\t<\/div>\n\t\t\t\t\t\t\t\t<div class=\"elementor-field-type-email elementor-field-group elementor-column elementor-field-group-field_88fe6a0 elementor-col-100\">\n\t\t\t\t\t\t\t\t\t\t\t\t\t<input size=\"1\" type=\"email\" name=\"form_fields[field_88fe6a0]\" id=\"form-field-field_88fe6a0\" class=\"elementor-field elementor-size-sm  elementor-field-textual\" placeholder=\"E-posta\">\n\t\t\t\t\t\t\t\t\t\t\t<\/div>\n\t\t\t\t\t\t\t\t<div class=\"elementor-field-type-textarea elementor-field-group elementor-column elementor-field-group-field_73d3ba1 elementor-col-100\">\n\t\t\t\t\t<textarea class=\"elementor-field-textual elementor-field  elementor-size-sm\" name=\"form_fields[field_73d3ba1]\" id=\"form-field-field_73d3ba1\" rows=\"4\" placeholder=\"Mesaj\u0131n\u0131z\"><\/textarea>\t\t\t\t<\/div>\n\t\t\t\t\t\t\t\t<div class=\"elementor-field-group elementor-column elementor-field-type-submit elementor-col-100 e-form__buttons\">\n\t\t\t\t\t<button type=\"submit\" class=\"elementor-button elementor-size-sm\">\n\t\t\t\t\t\t<span >\n\t\t\t\t\t\t\t\t\t\t\t\t\t\t\t<span class=\" elementor-button-icon\">\n\t\t\t\t\t\t\t\t\t\t\t\t\t\t\t\t\t\t\t\t\t\t\t\t\t\t<\/span>\n\t\t\t\t\t\t\t\t\t\t\t\t\t\t\t\t\t\t\t\t\t\t<span class=\"elementor-button-text\">Bana teklifleri g\u00f6nder<\/span>\n\t\t\t\t\t\t\t\t\t\t\t\t\t<\/span>\n\t\t\t\t\t<\/button>\n\t\t\t\t<\/div>\n\t\t\t<\/div>\n\t\t<\/form>\n\t\t\t\t\t\t<\/div>\n\t\t\t\t<\/div>\n\t\t\t\t\t<\/div>\n\t\t<\/div>\n\t\t\t\t<div class=\"elementor-column elementor-col-25 elementor-top-column elementor-element elementor-element-6429e6fb\" data-id=\"6429e6fb\" data-element_type=\"column\">\n\t\t\t<div class=\"elementor-widget-wrap elementor-element-populated\">\n\t\t\t\t\t\t<div class=\"elementor-element elementor-element-5792fa14 elementor-widget elementor-widget-text-editor\" data-id=\"5792fa14\" data-element_type=\"widget\" data-widget_type=\"text-editor.default\">\n\t\t\t\t<div class=\"elementor-widget-container\">\n\t\t\t\t\t\t\t\t\t<div class=\"wpb_text_column wpb_content_element \">\n<div class=\"wpb_wrapper\">\n<h5>Karada\u011f&#8217;da gayrimenkul bulmak i\u00e7in yard\u0131ma m\u0131 ihtiyac\u0131n\u0131z var?<\/h5>\n<p>Soldaki formu doldurun ve arama detaylar\u0131n\u0131 sa\u011flay\u0131n.<\/p>\n<\/div>\n<\/div>\n<div class=\"wpb_text_column wpb_content_element \">\n<div class=\"wpb_wrapper\"> <\/div>\n<\/div>\n\t\t\t\t\t\t\t\t<\/div>\n\t\t\t\t<\/div>\n\t\t\t\t\t<\/div>\n\t\t<\/div>\n\t\t\t\t<div class=\"elementor-column elementor-col-25 elementor-top-column elementor-element elementor-element-4f150150\" data-id=\"4f150150\" data-element_type=\"column\">\n\t\t\t<div class=\"elementor-widget-wrap elementor-element-populated\">\n\t\t\t\t\t\t<div class=\"elementor-element elementor-element-7aaaab76 elementor-widget elementor-widget-text-editor\" data-id=\"7aaaab76\" data-element_type=\"widget\" data-widget_type=\"text-editor.default\">\n\t\t\t\t<div class=\"elementor-widget-container\">\n\t\t\t\t\t\t\t\t\t<p class=\"padding-top\"><strong>T\u00fcm sorular\u0131n\u0131z i\u00e7in l\u00fctfen ileti\u015fime ge\u00e7in:<\/strong><\/p>\n<p><strong>Natalya Kazakova<\/strong><br \/>Budva, Karada\u011f<br \/>info@m-monte.com<\/p>\n<p>+382 69 627436<\/p>\n<p>(whatsapp, viber, telegram)<\/p>\n\t\t\t\t\t\t\t\t<\/div>\n\t\t\t\t<\/div>\n\t\t\t\t<div class=\"elementor-element elementor-element-b2d8ce elementor-widget elementor-widget-text-editor\" data-id=\"b2d8ce\" data-element_type=\"widget\" data-widget_type=\"text-editor.default\">\n\t\t\t\t<div class=\"elementor-widget-container\">\n\t\t\t\t\t\t\t\t\t<p><b>Budva, Karada\u011f<\/b><\/p>\n\t\t\t\t\t\t\t\t<\/div>\n\t\t\t\t<\/div>\n\t\t\t\t\t<\/div>\n\t\t<\/div>\n\t\t\t\t\t<\/div>\n\t\t<\/section>\n\t\t\t\t<section class=\"elementor-section elementor-top-section elementor-element elementor-element-484ae7d elementor-section-boxed elementor-section-height-default elementor-section-height-default\" data-id=\"484ae7d\" data-element_type=\"section\">\n\t\t\t\t\t\t<div class=\"elementor-container elementor-column-gap-default\">\n\t\t\t\t\t<div class=\"elementor-column elementor-col-100 elementor-top-column elementor-element elementor-element-d92c422\" data-id=\"d92c422\" data-element_type=\"column\">\n\t\t\t<div class=\"elementor-widget-wrap elementor-element-populated\">\n\t\t\t\t\t\t<div class=\"elementor-element elementor-element-c99f6eb elementor-widget elementor-widget-houzez_elementor_space\" data-id=\"c99f6eb\" data-element_type=\"widget\" data-widget_type=\"houzez_elementor_space.default\">\n\t\t\t\t<div class=\"elementor-widget-container\">\n\t\t\t\t\t        <div class=\"houzez-spacer\">\n            <div class=\"houzez-spacer-inner\"><\/div>\n        <\/div>\n        \t\t\t\t<\/div>\n\t\t\t\t<\/div>\n\t\t\t\t\t<\/div>\n\t\t<\/div>\n\t\t\t\t\t<\/div>\n\t\t<\/section>\n\t\t\t\t<\/div>\n\t\t","protected":false},"excerpt":{"rendered":"<p>Bizimle ileti\u015fime ge\u00e7in Karada\u011f&#8217;da gayrimenkul hayalinizi ger\u00e7ekle\u015ftirmeye haz\u0131r m\u0131s\u0131n\u0131z? Deneyimli emlak dan\u0131\u015fmanlar\u0131m\u0131z size her ad\u0131mda yard\u0131mc\u0131 olmak i\u00e7in burada. Sadece ileti\u015fim formumuzu doldurun ve hayalinize giden ilk ad\u0131m\u0131 at\u0131n. Gelece\u011finize yat\u0131r\u0131m yapma f\u0131rsat\u0131n\u0131 ka\u00e7\u0131rmay\u0131n. \u015eimdi formu doldurun! Kal\u0131c\u0131 bilgilerinizi b\u0131rak\u0131n, sizinle en k\u0131sa s\u00fcrede ileti\u015fime ge\u00e7elim. Karada\u011f&#8217;da gayrimenkul bulmak i\u00e7in yard\u0131ma m\u0131 ihtiyac\u0131n\u0131z var? Soldaki [&hellip;]<\/p>\n","protected":false},"author":1,"featured_media":0,"parent":0,"menu_order":0,"comment_status":"closed","ping_status":"closed","template":"elementor_header_footer","meta":{"footnotes":""},"class_list":["post-10964","page","type-page","status-publish","hentry"],"yoast_head":"<!-- This site is optimized with the Yoast SEO plugin v24.3 - https:\/\/yoast.com\/wordpress\/plugins\/seo\/ -->\n<title>\u0130leti\u015fim : \u041d\u0435\u0434\u0432\u0438\u0436\u0438\u043c\u043e\u0441\u0442\u044c \u0432 \u0427\u0435\u0440\u043d\u043e\u0433\u043e\u0440\u0438\u0438 \u043d\u0430 \u043f\u043e\u0431\u0435\u0440\u0435\u0436\u044c\u0435 - \u043b\u0443\u0447\u0448\u0438\u0435 \u043f\u0440\u0435\u0434\u043b\u043e\u0436\u0435\u043d\u0438\u044f<\/title>\n<meta name=\"robots\" content=\"index, follow, max-snippet:-1, max-image-preview:large, max-video-preview:-1\" \/>\n<link rel=\"canonical\" href=\"https:\/\/m-monte.com\/tr\/iletisim\/\" \/>\n<meta property=\"og:locale\" content=\"tr_TR\" \/>\n<meta property=\"og:type\" content=\"article\" \/>\n<meta property=\"og:title\" content=\"\u0130leti\u015fim : \u041d\u0435\u0434\u0432\u0438\u0436\u0438\u043c\u043e\u0441\u0442\u044c \u0432 \u0427\u0435\u0440\u043d\u043e\u0433\u043e\u0440\u0438\u0438 \u043d\u0430 \u043f\u043e\u0431\u0435\u0440\u0435\u0436\u044c\u0435 - \u043b\u0443\u0447\u0448\u0438\u0435 \u043f\u0440\u0435\u0434\u043b\u043e\u0436\u0435\u043d\u0438\u044f\" \/>\n<meta property=\"og:description\" content=\"Bizimle ileti\u015fime ge\u00e7in Karada\u011f&#8217;da gayrimenkul hayalinizi ger\u00e7ekle\u015ftirmeye haz\u0131r m\u0131s\u0131n\u0131z? Deneyimli emlak dan\u0131\u015fmanlar\u0131m\u0131z size her ad\u0131mda yard\u0131mc\u0131 olmak i\u00e7in burada. Sadece ileti\u015fim formumuzu doldurun ve hayalinize giden ilk ad\u0131m\u0131 at\u0131n. Gelece\u011finize yat\u0131r\u0131m yapma f\u0131rsat\u0131n\u0131 ka\u00e7\u0131rmay\u0131n. \u015eimdi formu doldurun! Kal\u0131c\u0131 bilgilerinizi b\u0131rak\u0131n, sizinle en k\u0131sa s\u00fcrede ileti\u015fime ge\u00e7elim. Karada\u011f&#8217;da gayrimenkul bulmak i\u00e7in yard\u0131ma m\u0131 ihtiyac\u0131n\u0131z var? Soldaki [&hellip;]\" \/>\n<meta property=\"og:url\" content=\"https:\/\/m-monte.com\/tr\/iletisim\/\" \/>\n<meta property=\"og:site_name\" content=\"\u041d\u0435\u0434\u0432\u0438\u0436\u0438\u043c\u043e\u0441\u0442\u044c \u0432 \u0427\u0435\u0440\u043d\u043e\u0433\u043e\u0440\u0438\u0438 \u043d\u0430 \u043f\u043e\u0431\u0435\u0440\u0435\u0436\u044c\u0435 - \u043b\u0443\u0447\u0448\u0438\u0435 \u043f\u0440\u0435\u0434\u043b\u043e\u0436\u0435\u043d\u0438\u044f\" \/>\n<meta property=\"article:publisher\" content=\"https:\/\/www.facebook.com\/mnestateinmontenegro\" \/>\n<meta property=\"article:modified_time\" content=\"2025-01-28T21:49:21+00:00\" \/>\n<meta property=\"og:image\" content=\"https:\/\/m-monte.com\/wp-content\/uploads\/2023\/01\/avatarka-1-e1672870142500.jpg\" \/>\n\t<meta property=\"og:image:width\" content=\"800\" \/>\n\t<meta property=\"og:image:height\" content=\"800\" \/>\n\t<meta property=\"og:image:type\" content=\"image\/jpeg\" \/>\n<meta name=\"twitter:card\" content=\"summary_large_image\" \/>\n<meta name=\"twitter:site\" content=\"@magnetexclusive\" \/>\n<meta name=\"twitter:label1\" content=\"Tahmini okuma s\u00fcresi\" \/>\n\t<meta name=\"twitter:data1\" content=\"1 dakika\" \/>\n<script type=\"application\/ld+json\" class=\"yoast-schema-graph\">{\"@context\":\"https:\/\/schema.org\",\"@graph\":[{\"@type\":\"WebPage\",\"@id\":\"https:\/\/m-monte.com\/tr\/iletisim\/\",\"url\":\"https:\/\/m-monte.com\/tr\/iletisim\/\",\"name\":\"\u0130leti\u015fim : \u041d\u0435\u0434\u0432\u0438\u0436\u0438\u043c\u043e\u0441\u0442\u044c \u0432 \u0427\u0435\u0440\u043d\u043e\u0433\u043e\u0440\u0438\u0438 \u043d\u0430 \u043f\u043e\u0431\u0435\u0440\u0435\u0436\u044c\u0435 - \u043b\u0443\u0447\u0448\u0438\u0435 \u043f\u0440\u0435\u0434\u043b\u043e\u0436\u0435\u043d\u0438\u044f\",\"isPartOf\":{\"@id\":\"https:\/\/m-monte.com\/#website\"},\"datePublished\":\"2016-03-16T16:50:28+00:00\",\"dateModified\":\"2025-01-28T21:49:21+00:00\",\"breadcrumb\":{\"@id\":\"https:\/\/m-monte.com\/tr\/iletisim\/#breadcrumb\"},\"inLanguage\":\"tr\",\"potentialAction\":[{\"@type\":\"ReadAction\",\"target\":[\"https:\/\/m-monte.com\/tr\/iletisim\/\"]}]},{\"@type\":\"BreadcrumbList\",\"@id\":\"https:\/\/m-monte.com\/tr\/iletisim\/#breadcrumb\",\"itemListElement\":[{\"@type\":\"ListItem\",\"position\":1,\"name\":\"Home\",\"item\":\"https:\/\/m-monte.com\/tr\/\"},{\"@type\":\"ListItem\",\"position\":2,\"name\":\"\u0130leti\u015fim\"}]},{\"@type\":\"WebSite\",\"@id\":\"https:\/\/m-monte.com\/#website\",\"url\":\"https:\/\/m-monte.com\/\",\"name\":\"\u041d\u0435\u0434\u0432\u0438\u0436\u0438\u043c\u043e\u0441\u0442\u044c \u0432 \u0427\u0435\u0440\u043d\u043e\u0433\u043e\u0440\u0438\u0438 \u043d\u0430 \u043f\u043e\u0431\u0435\u0440\u0435\u0436\u044c\u0435 - \u043b\u0443\u0447\u0448\u0438\u0435 \u043f\u0440\u0435\u0434\u043b\u043e\u0436\u0435\u043d\u0438\u044f\",\"description\":\"\u041f\u0440\u043e\u0434\u0430\u0451\u043c \u043d\u0435\u0434\u0432\u0438\u0436\u0438\u043c\u043e\u0441\u0442\u044c \u0432 \u0427\u0435\u0440\u043d\u043e\u0433\u043e\u0440\u0438\u0438 \u043d\u0430 \u043f\u043e\u0431\u0435\u0440\u0435\u0436\u044c\u0435: \u043a\u0432\u0430\u0440\u0442\u0438\u0440\u044b \u0438 \u0430\u043f\u0430\u0440\u0442\u0430\u043c\u0435\u043d\u0442\u044b, \u043f\u0435\u043d\u0442\u0445\u0430\u0443\u0441\u044b \u0438 \u044d\u043a\u0441\u043a\u043b\u044e\u0437\u0438\u0432\u043d\u044b\u0435 \u0432\u0438\u043b\u043b\u044b, \u043a\u043e\u043c\u0444\u043e\u0440\u0442\u043d\u044b\u0435 \u0434\u043e\u043c\u0430 \u0434\u043b\u044f \u043e\u0442\u0434\u044b\u0445\u0430 \u0438 \u043f\u043e\u0441\u0442\u043e\u044f\u043d\u043d\u043e\u0433\u043e \u043f\u0440\u043e\u0436\u0438\u0432\u0430\u043d\u0438\u044f\",\"publisher\":{\"@id\":\"https:\/\/m-monte.com\/#organization\"},\"potentialAction\":[{\"@type\":\"SearchAction\",\"target\":{\"@type\":\"EntryPoint\",\"urlTemplate\":\"https:\/\/m-monte.com\/?s={search_term_string}\"},\"query-input\":{\"@type\":\"PropertyValueSpecification\",\"valueRequired\":true,\"valueName\":\"search_term_string\"}}],\"inLanguage\":\"tr\"},{\"@type\":\"Organization\",\"@id\":\"https:\/\/m-monte.com\/#organization\",\"name\":\"MnEstate\",\"alternateName\":\"MnEstate in Montenegro\",\"url\":\"https:\/\/m-monte.com\/\",\"logo\":{\"@type\":\"ImageObject\",\"inLanguage\":\"tr\",\"@id\":\"https:\/\/m-monte.com\/#\/schema\/logo\/image\/\",\"url\":\"https:\/\/m-monte.com\/wp-content\/uploads\/2022\/11\/Favicon.svg\",\"contentUrl\":\"https:\/\/m-monte.com\/wp-content\/uploads\/2022\/11\/Favicon.svg\",\"width\":250,\"height\":250,\"caption\":\"MnEstate\"},\"image\":{\"@id\":\"https:\/\/m-monte.com\/#\/schema\/logo\/image\/\"},\"sameAs\":[\"https:\/\/www.facebook.com\/mnestateinmontenegro\",\"https:\/\/x.com\/magnetexclusive\",\"https:\/\/www.instagram.com\/realestatemagnet\/\",\"https:\/\/www.youtube.com\/@realestatemagnetexclusive3263\/\"]}]}<\/script>\n<!-- \/ Yoast SEO plugin. -->","yoast_head_json":{"title":"\u0130leti\u015fim : \u041d\u0435\u0434\u0432\u0438\u0436\u0438\u043c\u043e\u0441\u0442\u044c \u0432 \u0427\u0435\u0440\u043d\u043e\u0433\u043e\u0440\u0438\u0438 \u043d\u0430 \u043f\u043e\u0431\u0435\u0440\u0435\u0436\u044c\u0435 - \u043b\u0443\u0447\u0448\u0438\u0435 \u043f\u0440\u0435\u0434\u043b\u043e\u0436\u0435\u043d\u0438\u044f","robots":{"index":"index","follow":"follow","max-snippet":"max-snippet:-1","max-image-preview":"max-image-preview:large","max-video-preview":"max-video-preview:-1"},"canonical":"https:\/\/m-monte.com\/tr\/iletisim\/","og_locale":"tr_TR","og_type":"article","og_title":"\u0130leti\u015fim : \u041d\u0435\u0434\u0432\u0438\u0436\u0438\u043c\u043e\u0441\u0442\u044c \u0432 \u0427\u0435\u0440\u043d\u043e\u0433\u043e\u0440\u0438\u0438 \u043d\u0430 \u043f\u043e\u0431\u0435\u0440\u0435\u0436\u044c\u0435 - \u043b\u0443\u0447\u0448\u0438\u0435 \u043f\u0440\u0435\u0434\u043b\u043e\u0436\u0435\u043d\u0438\u044f","og_description":"Bizimle ileti\u015fime ge\u00e7in Karada\u011f&#8217;da gayrimenkul hayalinizi ger\u00e7ekle\u015ftirmeye haz\u0131r m\u0131s\u0131n\u0131z? Deneyimli emlak dan\u0131\u015fmanlar\u0131m\u0131z size her ad\u0131mda yard\u0131mc\u0131 olmak i\u00e7in burada. Sadece ileti\u015fim formumuzu doldurun ve hayalinize giden ilk ad\u0131m\u0131 at\u0131n. Gelece\u011finize yat\u0131r\u0131m yapma f\u0131rsat\u0131n\u0131 ka\u00e7\u0131rmay\u0131n. \u015eimdi formu doldurun! Kal\u0131c\u0131 bilgilerinizi b\u0131rak\u0131n, sizinle en k\u0131sa s\u00fcrede ileti\u015fime ge\u00e7elim. Karada\u011f&#8217;da gayrimenkul bulmak i\u00e7in yard\u0131ma m\u0131 ihtiyac\u0131n\u0131z var? Soldaki [&hellip;]","og_url":"https:\/\/m-monte.com\/tr\/iletisim\/","og_site_name":"\u041d\u0435\u0434\u0432\u0438\u0436\u0438\u043c\u043e\u0441\u0442\u044c \u0432 \u0427\u0435\u0440\u043d\u043e\u0433\u043e\u0440\u0438\u0438 \u043d\u0430 \u043f\u043e\u0431\u0435\u0440\u0435\u0436\u044c\u0435 - \u043b\u0443\u0447\u0448\u0438\u0435 \u043f\u0440\u0435\u0434\u043b\u043e\u0436\u0435\u043d\u0438\u044f","article_publisher":"https:\/\/www.facebook.com\/mnestateinmontenegro","article_modified_time":"2025-01-28T21:49:21+00:00","og_image":[{"width":800,"height":800,"url":"https:\/\/m-monte.com\/wp-content\/uploads\/2023\/01\/avatarka-1-e1672870142500.jpg","type":"image\/jpeg"}],"twitter_card":"summary_large_image","twitter_site":"@magnetexclusive","twitter_misc":{"Tahmini okuma s\u00fcresi":"1 dakika"},"schema":{"@context":"https:\/\/schema.org","@graph":[{"@type":"WebPage","@id":"https:\/\/m-monte.com\/tr\/iletisim\/","url":"https:\/\/m-monte.com\/tr\/iletisim\/","name":"\u0130leti\u015fim : \u041d\u0435\u0434\u0432\u0438\u0436\u0438\u043c\u043e\u0441\u0442\u044c \u0432 \u0427\u0435\u0440\u043d\u043e\u0433\u043e\u0440\u0438\u0438 \u043d\u0430 \u043f\u043e\u0431\u0435\u0440\u0435\u0436\u044c\u0435 - \u043b\u0443\u0447\u0448\u0438\u0435 \u043f\u0440\u0435\u0434\u043b\u043e\u0436\u0435\u043d\u0438\u044f","isPartOf":{"@id":"https:\/\/m-monte.com\/#website"},"datePublished":"2016-03-16T16:50:28+00:00","dateModified":"2025-01-28T21:49:21+00:00","breadcrumb":{"@id":"https:\/\/m-monte.com\/tr\/iletisim\/#breadcrumb"},"inLanguage":"tr","potentialAction":[{"@type":"ReadAction","target":["https:\/\/m-monte.com\/tr\/iletisim\/"]}]},{"@type":"BreadcrumbList","@id":"https:\/\/m-monte.com\/tr\/iletisim\/#breadcrumb","itemListElement":[{"@type":"ListItem","position":1,"name":"Home","item":"https:\/\/m-monte.com\/tr\/"},{"@type":"ListItem","position":2,"name":"\u0130leti\u015fim"}]},{"@type":"WebSite","@id":"https:\/\/m-monte.com\/#website","url":"https:\/\/m-monte.com\/","name":"\u041d\u0435\u0434\u0432\u0438\u0436\u0438\u043c\u043e\u0441\u0442\u044c \u0432 \u0427\u0435\u0440\u043d\u043e\u0433\u043e\u0440\u0438\u0438 \u043d\u0430 \u043f\u043e\u0431\u0435\u0440\u0435\u0436\u044c\u0435 - \u043b\u0443\u0447\u0448\u0438\u0435 \u043f\u0440\u0435\u0434\u043b\u043e\u0436\u0435\u043d\u0438\u044f","description":"\u041f\u0440\u043e\u0434\u0430\u0451\u043c \u043d\u0435\u0434\u0432\u0438\u0436\u0438\u043c\u043e\u0441\u0442\u044c \u0432 \u0427\u0435\u0440\u043d\u043e\u0433\u043e\u0440\u0438\u0438 \u043d\u0430 \u043f\u043e\u0431\u0435\u0440\u0435\u0436\u044c\u0435: \u043a\u0432\u0430\u0440\u0442\u0438\u0440\u044b \u0438 \u0430\u043f\u0430\u0440\u0442\u0430\u043c\u0435\u043d\u0442\u044b, \u043f\u0435\u043d\u0442\u0445\u0430\u0443\u0441\u044b \u0438 \u044d\u043a\u0441\u043a\u043b\u044e\u0437\u0438\u0432\u043d\u044b\u0435 \u0432\u0438\u043b\u043b\u044b, \u043a\u043e\u043c\u0444\u043e\u0440\u0442\u043d\u044b\u0435 \u0434\u043e\u043c\u0430 \u0434\u043b\u044f \u043e\u0442\u0434\u044b\u0445\u0430 \u0438 \u043f\u043e\u0441\u0442\u043e\u044f\u043d\u043d\u043e\u0433\u043e \u043f\u0440\u043e\u0436\u0438\u0432\u0430\u043d\u0438\u044f","publisher":{"@id":"https:\/\/m-monte.com\/#organization"},"potentialAction":[{"@type":"SearchAction","target":{"@type":"EntryPoint","urlTemplate":"https:\/\/m-monte.com\/?s={search_term_string}"},"query-input":{"@type":"PropertyValueSpecification","valueRequired":true,"valueName":"search_term_string"}}],"inLanguage":"tr"},{"@type":"Organization","@id":"https:\/\/m-monte.com\/#organization","name":"MnEstate","alternateName":"MnEstate in Montenegro","url":"https:\/\/m-monte.com\/","logo":{"@type":"ImageObject","inLanguage":"tr","@id":"https:\/\/m-monte.com\/#\/schema\/logo\/image\/","url":"https:\/\/m-monte.com\/wp-content\/uploads\/2022\/11\/Favicon.svg","contentUrl":"https:\/\/m-monte.com\/wp-content\/uploads\/2022\/11\/Favicon.svg","width":250,"height":250,"caption":"MnEstate"},"image":{"@id":"https:\/\/m-monte.com\/#\/schema\/logo\/image\/"},"sameAs":["https:\/\/www.facebook.com\/mnestateinmontenegro","https:\/\/x.com\/magnetexclusive","https:\/\/www.instagram.com\/realestatemagnet\/","https:\/\/www.youtube.com\/@realestatemagnetexclusive3263\/"]}]}},"_links":{"self":[{"href":"https:\/\/m-monte.com\/tr\/wp-json\/wp\/v2\/pages\/10964","targetHints":{"allow":["GET"]}}],"collection":[{"href":"https:\/\/m-monte.com\/tr\/wp-json\/wp\/v2\/pages"}],"about":[{"href":"https:\/\/m-monte.com\/tr\/wp-json\/wp\/v2\/types\/page"}],"author":[{"embeddable":true,"href":"https:\/\/m-monte.com\/tr\/wp-json\/wp\/v2\/users\/1"}],"replies":[{"embeddable":true,"href":"https:\/\/m-monte.com\/tr\/wp-json\/wp\/v2\/comments?post=10964"}],"version-history":[{"count":3,"href":"https:\/\/m-monte.com\/tr\/wp-json\/wp\/v2\/pages\/10964\/revisions"}],"predecessor-version":[{"id":10967,"href":"https:\/\/m-monte.com\/tr\/wp-json\/wp\/v2\/pages\/10964\/revisions\/10967"}],"wp:attachment":[{"href":"https:\/\/m-monte.com\/tr\/wp-json\/wp\/v2\/media?parent=10964"}],"curies":[{"name":"wp","href":"https:\/\/api.w.org\/{rel}","templated":true}]}}